{"id":445,"date":"2024-10-06T10:29:58","date_gmt":"2024-10-06T10:29:58","guid":{"rendered":"https:\/\/messaslaw.com\/?page_id=445"},"modified":"2026-02-17T17:42:48","modified_gmt":"2026-02-17T17:42:48","slug":"what-we-do","status":"publish","type":"page","link":"https:\/\/messaslaw.com\/fr\/what-we-do\/","title":{"rendered":"ce que nous faisons"},"content":{"rendered":"<div data-elementor-type=\"wp-page\" data-elementor-id=\"445\" class=\"elementor elementor-445\" data-elementor-post-type=\"page\">\n\t\t\t\t<div class=\"elementor-element elementor-element-5122993d e-flex e-con-boxed e-con e-parent\" data-id=\"5122993d\" data-element_type=\"container\" data-e-type=\"container\" data-settings=\"{&quot;background_background&quot;:&quot;classic&quot;}\">\n\t\t\t\t\t<div class=\"e-con-inner\">\n\t\t\t\t<div class=\"elementor-element elementor-element-1cae179d elementor-widget elementor-widget-heading\" data-id=\"1cae179d\" data-element_type=\"widget\" data-e-type=\"widget\" data-widget_type=\"heading.default\">\n\t\t\t\t<div class=\"elementor-widget-container\">\n\t\t\t\t\t<h2 class=\"elementor-heading-title elementor-size-default\">ce que nous faisons<\/h2>\t\t\t\t<\/div>\n\t\t\t\t<\/div>\n\t\t\t\t\t<\/div>\n\t\t\t\t<\/div>\n\t\t<div class=\"elementor-element elementor-element-38261da7 e-flex e-con-boxed e-con e-parent\" data-id=\"38261da7\" data-element_type=\"container\" data-e-type=\"container\">\n\t\t\t\t\t<div class=\"e-con-inner\">\n\t\t<div class=\"elementor-element elementor-element-eb5016c e-con-full e-flex e-con e-child\" data-id=\"eb5016c\" data-element_type=\"container\" data-e-type=\"container\">\n\t\t\t\t<div class=\"elementor-element elementor-element-7468f606 elementor-widget elementor-widget-text-editor\" data-id=\"7468f606\" data-element_type=\"widget\" data-e-type=\"widget\" data-widget_type=\"text-editor.default\">\n\t\t\t\t<div class=\"elementor-widget-container\">\n\t\t\t\t\t\t\t\t\t<h3>Droit des affaires<\/h3>\n<p>Apr\u00e8s avoir d\u00e9fini la strat\u00e9gie juridique de votre entreprise, nous pouvons mettre en place votre structure d'entreprise et r\u00e9diger vos documents corporatifs. Nous pouvons \u00e9galement vous aider dans vos op\u00e9rations de restructuration, y compris les achats d'actions, les achats d'actifs, les fusions et acquisitions, et traiter vos probl\u00e8mes de gouvernance d'entreprise.\n\nNous r\u00e9digeons, examinons et n\u00e9gocions tous types de contrats. Que vous soyez une start-up ayant besoin d'un contrat SaaS ou un d\u00e9taillant ayant besoin d'un contrat de distribution, nous pouvons vous fournir le cadre juridique dont vous avez besoin pour \u00e9tablir des relations professionnelles \u00e0 long terme avec une exposition minimale.<\/p>\n<p>Nous r\u00e9digeons, examinons et n\u00e9gocions tous types de contrats. Que vous soyez une start-up technologique ayant besoin d'un contrat SaaS ou un d\u00e9taillant ayant besoin d'un contrat de distribution, nous pouvons vous fournir le cadre juridique dont vous avez besoin pour \u00e9tablir des relations professionnelles \u00e0 long terme avec une exposition minimale.<\/p>\t\t\t\t\t\t\t\t<\/div>\n\t\t\t\t<\/div>\n\t\t\t\t<\/div>\n\t\t\t\t\t<\/div>\n\t\t\t\t<\/div>\n\t\t<div class=\"elementor-element elementor-element-bc09f19 e-flex e-con-boxed e-con e-parent\" data-id=\"bc09f19\" data-element_type=\"container\" data-e-type=\"container\">\n\t\t\t\t\t<div class=\"e-con-inner\">\n\t\t\t\t<div class=\"elementor-element elementor-element-55fa5ab elementor-widget-divider--view-line elementor-widget elementor-widget-divider\" data-id=\"55fa5ab\" data-element_type=\"widget\" data-e-type=\"widget\" data-widget_type=\"divider.default\">\n\t\t\t\t<div class=\"elementor-widget-container\">\n\t\t\t\t\t\t\t<div class=\"elementor-divider\">\n\t\t\t<span class=\"elementor-divider-separator\">\n\t\t\t\t\t\t<\/span>\n\t\t<\/div>\n\t\t\t\t\t\t<\/div>\n\t\t\t\t<\/div>\n\t\t\t\t\t<\/div>\n\t\t\t\t<\/div>\n\t\t<div class=\"elementor-element elementor-element-f890f1e e-flex e-con-boxed e-con e-parent\" data-id=\"f890f1e\" data-element_type=\"container\" data-e-type=\"container\">\n\t\t\t\t\t<div class=\"e-con-inner\">\n\t\t<div class=\"elementor-element elementor-element-3a6e459 e-con-full e-flex e-con e-child\" data-id=\"3a6e459\" data-element_type=\"container\" data-e-type=\"container\">\n\t\t\t\t<div class=\"elementor-element elementor-element-c60a6cd elementor-widget elementor-widget-text-editor\" data-id=\"c60a6cd\" data-element_type=\"widget\" data-e-type=\"widget\" data-widget_type=\"text-editor.default\">\n\t\t\t\t<div class=\"elementor-widget-container\">\n\t\t\t\t\t\t\t\t\t<h3>Emploi et travailleurs ind\u00e9pendants<\/h3>\nAvec 50 lois nationales diff\u00e9rentes, l'embauche d'employ\u00e9s et\/ou d'entrepreneurs ind\u00e9pendants peut \u00eatre intimidante. Nous r\u00e9digeons tous vos mod\u00e8les de base (contrats d'entrepreneur ind\u00e9pendant, lettres d'offre, politiques et manuels de l'employ\u00e9, accords de r\u00e9siliation) et vous conseillons sur diverses questions li\u00e9es \u00e0 l'emploi, y compris le respect des lois f\u00e9d\u00e9rales, \u00e9tatiques et locales. Nous sommes \u00e9galement l\u00e0 pour vous aider en cas de probl\u00e8me et pour essayer de minimiser vos co\u00fbts en engageant des n\u00e9gociations pr\u00e9contentieuses pour r\u00e9pondre \u00e0 toute r\u00e9clamation.\t\t\t\t\t\t\t\t<\/div>\n\t\t\t\t<\/div>\n\t\t\t\t<\/div>\n\t\t\t\t\t<\/div>\n\t\t\t\t<\/div>\n\t\t<div class=\"elementor-element elementor-element-52c4acf e-flex e-con-boxed e-con e-parent\" data-id=\"52c4acf\" data-element_type=\"container\" data-e-type=\"container\">\n\t\t\t\t\t<div class=\"e-con-inner\">\n\t\t\t\t<div class=\"elementor-element elementor-element-64799c9 elementor-widget-divider--view-line elementor-widget elementor-widget-divider\" data-id=\"64799c9\" data-element_type=\"widget\" data-e-type=\"widget\" data-widget_type=\"divider.default\">\n\t\t\t\t<div class=\"elementor-widget-container\">\n\t\t\t\t\t\t\t<div class=\"elementor-divider\">\n\t\t\t<span class=\"elementor-divider-separator\">\n\t\t\t\t\t\t<\/span>\n\t\t<\/div>\n\t\t\t\t\t\t<\/div>\n\t\t\t\t<\/div>\n\t\t\t\t\t<\/div>\n\t\t\t\t<\/div>\n\t\t<div class=\"elementor-element elementor-element-4713e04 e-flex e-con-boxed e-con e-parent\" data-id=\"4713e04\" data-element_type=\"container\" data-e-type=\"container\">\n\t\t\t\t\t<div class=\"e-con-inner\">\n\t\t<div class=\"elementor-element elementor-element-586857c e-con-full e-flex e-con e-child\" data-id=\"586857c\" data-element_type=\"container\" data-e-type=\"container\">\n\t\t\t\t<div class=\"elementor-element elementor-element-5c70f84 elementor-widget elementor-widget-text-editor\" data-id=\"5c70f84\" data-element_type=\"widget\" data-e-type=\"widget\" data-widget_type=\"text-editor.default\">\n\t\t\t\t<div class=\"elementor-widget-container\">\n\t\t\t\t\t\t\t\t\t<h3>Propri\u00e9t\u00e9 intellectuelle<\/h3>\nPour de nombreuses entreprises, la propri\u00e9t\u00e9 intellectuelle est l\u2019actif le plus pr\u00e9cieux. Nous vous aiderons \u00e0 mon\u00e9tiser et \u00e0 prot\u00e9ger votre propri\u00e9t\u00e9 intellectuelle. Chaque entreprise, quels que soient ses produits ou services, g\u00e9n\u00e8re et utilise probablement une certaine forme de propri\u00e9t\u00e9 intellectuelle. Il est essentiel de prendre des mesures pour prot\u00e9ger, g\u00e9rer et faire respecter ces droits afin de maximiser le succ\u00e8s commercial et de minimiser le risque de litiges. Cela peut impliquer de rechercher une protection de marque pour un nom de marque ou un slogan, de prot\u00e9ger des formules en tant que secrets commerciaux, d\u2019obtenir des droits d\u2019auteur pour des \u0153uvres cr\u00e9atives originales ou d'utiliser la propri\u00e9t\u00e9 intellectuelle d\u2019autrui via un contrat de license. La protection de vos actifs incorporels est extr\u00eamement pr\u00e9cieuse. Notre cabinet est pr\u00eat \u00e0 g\u00e9rer tous les aspects de la d\u00e9fense pr\u00e9contentieuse de votre propri\u00e9t\u00e9 intellectuelle, y compris l\u2019\u00e9mission de lettres de mise en demeure.\t\t\t\t\t\t\t\t<\/div>\n\t\t\t\t<\/div>\n\t\t\t\t<\/div>\n\t\t\t\t\t<\/div>\n\t\t\t\t<\/div>\n\t\t<div class=\"elementor-element elementor-element-fbf5aa6 e-flex e-con-boxed e-con e-parent\" data-id=\"fbf5aa6\" data-element_type=\"container\" data-e-type=\"container\">\n\t\t\t\t\t<div class=\"e-con-inner\">\n\t\t<div class=\"elementor-element elementor-element-9e5761a e-con-full e-flex e-con e-child\" data-id=\"9e5761a\" data-element_type=\"container\" data-e-type=\"container\">\n\t\t\t\t<div class=\"elementor-element elementor-element-0dc2625 elementor-widget elementor-widget-text-editor\" data-id=\"0dc2625\" data-element_type=\"widget\" data-e-type=\"widget\" data-widget_type=\"text-editor.default\">\n\t\t\t\t<div class=\"elementor-widget-container\">\n\t\t\t\t\t\t\t\t\t<p><b>Marques<\/b><\/p>\n<p>Nous pouvons vous conseiller sur la meilleure fa\u00e7on de prot\u00e9ger vos droits de marque aupr\u00e8s de l'Office des brevets et des marques des \u00c9tats-Unis, des offices des marques des diff\u00e9rents \u00c9tats, et des offices internationaux des marques et vous aider \u00e0 maintenir vos droits exclusifs ainsi que vos enregistrements. Apr\u00e8s avoir d\u00e9fini la meilleure strat\u00e9gie juridique pour votre entreprise, nous effectuons des recherches d'anteriorit\u00e9, pr\u00e9parons votre demande et votre d\u00e9p\u00f4t de marque, surveillons et faisons respecter vos droits de marque en poursuivant les contrefacteurs. Si vous avez re\u00e7u une \u00ab Office Action \u00bb ou un refus temporaire de l'USPTO, nous pouvons soumettre des r\u00e9ponses au nom de votre entreprise.<\/p>\n<p><b style=\"text-align: var(--text-align); background-color: var( --e-global-color-08e4555 ); color: var( --e-global-color-text ); font-family: var( --e-global-typography-text-font-family ), Sans-serif; font-size: var( --e-global-typography-text-font-size );\">Droits d'auteur<\/b><\/p>\n<p>Nous proposons des services juridiques aux clients qui cherchent \u00e0 s\u00e9curiser leurs \u0153uvres prot\u00e9g\u00e9es par le droit d'auteur. Nos services comprennent l'enregistrement des droits d'auteur aupr\u00e8s de l'Office am\u00e9ricain des droits d'auteur, la r\u00e9daction et la n\u00e9gociation d'accords de licence, ainsi que des conseils sur les questions d'utilisation \u00e9quitable (\"fair use\") et de contrefa\u00e7on.<\/p>\t\t\t\t\t\t\t\t<\/div>\n\t\t\t\t<\/div>\n\t\t\t\t<\/div>\n\t\t\t\t\t<\/div>\n\t\t\t\t<\/div>\n\t\t<div class=\"elementor-element elementor-element-270ce45 e-flex e-con-boxed e-con e-parent\" data-id=\"270ce45\" data-element_type=\"container\" data-e-type=\"container\">\n\t\t\t\t\t<div class=\"e-con-inner\">\n\t\t\t\t<div class=\"elementor-element elementor-element-c8286f2 elementor-widget-divider--view-line elementor-widget elementor-widget-divider\" data-id=\"c8286f2\" data-element_type=\"widget\" data-e-type=\"widget\" data-widget_type=\"divider.default\">\n\t\t\t\t<div class=\"elementor-widget-container\">\n\t\t\t\t\t\t\t<div class=\"elementor-divider\">\n\t\t\t<span class=\"elementor-divider-separator\">\n\t\t\t\t\t\t<\/span>\n\t\t<\/div>\n\t\t\t\t\t\t<\/div>\n\t\t\t\t<\/div>\n\t\t\t\t\t<\/div>\n\t\t\t\t<\/div>\n\t\t<div class=\"elementor-element elementor-element-dcfa221 e-flex e-con-boxed e-con e-parent\" data-id=\"dcfa221\" data-element_type=\"container\" data-e-type=\"container\">\n\t\t\t\t\t<div class=\"e-con-inner\">\n\t\t<div class=\"elementor-element elementor-element-35d82c5 e-con-full e-flex e-con e-child\" data-id=\"35d82c5\" data-element_type=\"container\" data-e-type=\"container\">\n\t\t\t\t<div class=\"elementor-element elementor-element-5111b57 elementor-widget elementor-widget-text-editor\" data-id=\"5111b57\" data-element_type=\"widget\" data-e-type=\"widget\" data-widget_type=\"text-editor.default\">\n\t\t\t\t<div class=\"elementor-widget-container\">\n\t\t\t\t\t\t\t\t\t<h3>Droit de l'Art<\/h3>\n<p>Fort de plusieurs ann\u00e9es d'exp\u00e9rience sous la direction et la supervision de Ralph Lerner et Judith Bresler, notre cabinet est tr\u00e8s vers\u00e9 dans le droit de l'art. Notre pratique corporative et transactionnelle nous permet de pr\u00e9parer et de n\u00e9gocier toutes sortes de contrats artistiques entre artistes, collectionneurs, galeries et mus\u00e9es, ainsi que des contrats li\u00e9s \u00e0 l'achat, au pr\u00eat et \u00e0 la consignation d'\u0153uvres d'art.<\/p>\t\t\t\t\t\t\t\t<\/div>\n\t\t\t\t<\/div>\n\t\t\t\t<\/div>\n\t\t\t\t\t<\/div>\n\t\t\t\t<\/div>\n\t\t\t\t<\/div>","protected":false},"excerpt":{"rendered":"<p>What we do Business law After we have come up with the legal strategy for your business, we can set up your corporate structure and draft your corporate documents. We can also help with corporate changes, including stock purchases, asset purchases, mergers and acquisitions and deal with your corporate governance issues. We draft, review, and [&hellip;]<\/p>\n","protected":false},"author":3,"featured_media":0,"parent":0,"menu_order":0,"comment_status":"closed","ping_status":"closed","template":"elementor_header_footer","meta":{"footnotes":""},"class_list":["post-445","page","type-page","status-publish","hentry"],"yoast_head":"<!-- This site is optimized with the Yoast SEO plugin v27.4 - https:\/\/yoast.com\/product\/yoast-seo-wordpress\/ -->\n<title>What we do - Messas Law<\/title>\n<meta name=\"robots\" content=\"index, follow, max-snippet:-1, max-image-preview:large, max-video-preview:-1\" \/>\n<link rel=\"canonical\" href=\"https:\/\/messaslaw.com\/fr\/what-we-do\/\" \/>\n<meta property=\"og:locale\" content=\"fr_FR\" \/>\n<meta property=\"og:type\" content=\"article\" \/>\n<meta property=\"og:title\" content=\"What we do - Messas Law\" \/>\n<meta property=\"og:description\" content=\"What we do Business law After we have come up with the legal strategy for your business, we can set up your corporate structure and draft your corporate documents. We can also help with corporate changes, including stock purchases, asset purchases, mergers and acquisitions and deal with your corporate governance issues. We draft, review, and [&hellip;]\" \/>\n<meta property=\"og:url\" content=\"https:\/\/messaslaw.com\/fr\/what-we-do\/\" \/>\n<meta property=\"og:site_name\" content=\"Messas Law\" \/>\n<meta property=\"article:modified_time\" content=\"2026-02-17T17:42:48+00:00\" \/>\n<meta name=\"twitter:card\" content=\"summary_large_image\" \/>\n<meta name=\"twitter:label1\" content=\"Dur\u00e9e de lecture estim\u00e9e\" \/>\n\t<meta name=\"twitter:data1\" content=\"3 minutes\" \/>\n<script type=\"application\/ld+json\" class=\"yoast-schema-graph\">{\"@context\":\"https:\\\/\\\/schema.org\",\"@graph\":[{\"@type\":\"WebPage\",\"@id\":\"https:\\\/\\\/messaslaw.com\\\/what-we-do\\\/\",\"url\":\"https:\\\/\\\/messaslaw.com\\\/what-we-do\\\/\",\"name\":\"What we do - Messas Law\",\"isPartOf\":{\"@id\":\"https:\\\/\\\/messaslaw.com\\\/#website\"},\"datePublished\":\"2024-10-06T10:29:58+00:00\",\"dateModified\":\"2026-02-17T17:42:48+00:00\",\"breadcrumb\":{\"@id\":\"https:\\\/\\\/messaslaw.com\\\/what-we-do\\\/#breadcrumb\"},\"inLanguage\":\"fr-FR\",\"potentialAction\":[{\"@type\":\"ReadAction\",\"target\":[\"https:\\\/\\\/messaslaw.com\\\/what-we-do\\\/\"]}]},{\"@type\":\"BreadcrumbList\",\"@id\":\"https:\\\/\\\/messaslaw.com\\\/what-we-do\\\/#breadcrumb\",\"itemListElement\":[{\"@type\":\"ListItem\",\"position\":1,\"name\":\"Accueil\",\"item\":\"https:\\\/\\\/messaslaw.com\\\/\"},{\"@type\":\"ListItem\",\"position\":2,\"name\":\"What we do\"}]},{\"@type\":\"WebSite\",\"@id\":\"https:\\\/\\\/messaslaw.com\\\/#website\",\"url\":\"https:\\\/\\\/messaslaw.com\\\/\",\"name\":\"Messas Law\",\"description\":\"Law Firm\",\"publisher\":{\"@id\":\"https:\\\/\\\/messaslaw.com\\\/#organization\"},\"potentialAction\":[{\"@type\":\"SearchAction\",\"target\":{\"@type\":\"EntryPoint\",\"urlTemplate\":\"https:\\\/\\\/messaslaw.com\\\/?s={search_term_string}\"},\"query-input\":{\"@type\":\"PropertyValueSpecification\",\"valueRequired\":true,\"valueName\":\"search_term_string\"}}],\"inLanguage\":\"fr-FR\"},{\"@type\":\"Organization\",\"@id\":\"https:\\\/\\\/messaslaw.com\\\/#organization\",\"name\":\"Messas Law\",\"url\":\"https:\\\/\\\/messaslaw.com\\\/\",\"logo\":{\"@type\":\"ImageObject\",\"inLanguage\":\"fr-FR\",\"@id\":\"https:\\\/\\\/messaslaw.com\\\/#\\\/schema\\\/logo\\\/image\\\/\",\"url\":\"https:\\\/\\\/messaslaw.com\\\/wp-content\\\/uploads\\\/2024\\\/10\\\/Logo-MessasLaw-3.svg\",\"contentUrl\":\"https:\\\/\\\/messaslaw.com\\\/wp-content\\\/uploads\\\/2024\\\/10\\\/Logo-MessasLaw-3.svg\",\"width\":151,\"height\":40,\"caption\":\"Messas Law\"},\"image\":{\"@id\":\"https:\\\/\\\/messaslaw.com\\\/#\\\/schema\\\/logo\\\/image\\\/\"},\"sameAs\":[\"https:\\\/\\\/www.linkedin.com\\\/in\\\/stephanie-messas-esq\\\/\"]}]}<\/script>\n<!-- \/ Yoast SEO plugin. -->","yoast_head_json":{"title":"What we do - Messas Law","robots":{"index":"index","follow":"follow","max-snippet":"max-snippet:-1","max-image-preview":"max-image-preview:large","max-video-preview":"max-video-preview:-1"},"canonical":"https:\/\/messaslaw.com\/fr\/what-we-do\/","og_locale":"fr_FR","og_type":"article","og_title":"What we do - Messas Law","og_description":"What we do Business law After we have come up with the legal strategy for your business, we can set up your corporate structure and draft your corporate documents. We can also help with corporate changes, including stock purchases, asset purchases, mergers and acquisitions and deal with your corporate governance issues. We draft, review, and [&hellip;]","og_url":"https:\/\/messaslaw.com\/fr\/what-we-do\/","og_site_name":"Messas Law","article_modified_time":"2026-02-17T17:42:48+00:00","twitter_card":"summary_large_image","twitter_misc":{"Dur\u00e9e de lecture estim\u00e9e":"3 minutes"},"schema":{"@context":"https:\/\/schema.org","@graph":[{"@type":"WebPage","@id":"https:\/\/messaslaw.com\/what-we-do\/","url":"https:\/\/messaslaw.com\/what-we-do\/","name":"What we do - Messas Law","isPartOf":{"@id":"https:\/\/messaslaw.com\/#website"},"datePublished":"2024-10-06T10:29:58+00:00","dateModified":"2026-02-17T17:42:48+00:00","breadcrumb":{"@id":"https:\/\/messaslaw.com\/what-we-do\/#breadcrumb"},"inLanguage":"fr-FR","potentialAction":[{"@type":"ReadAction","target":["https:\/\/messaslaw.com\/what-we-do\/"]}]},{"@type":"BreadcrumbList","@id":"https:\/\/messaslaw.com\/what-we-do\/#breadcrumb","itemListElement":[{"@type":"ListItem","position":1,"name":"Accueil","item":"https:\/\/messaslaw.com\/"},{"@type":"ListItem","position":2,"name":"What we do"}]},{"@type":"WebSite","@id":"https:\/\/messaslaw.com\/#website","url":"https:\/\/messaslaw.com\/","name":"Messas Law","description":"Law Firm","publisher":{"@id":"https:\/\/messaslaw.com\/#organization"},"potentialAction":[{"@type":"SearchAction","target":{"@type":"EntryPoint","urlTemplate":"https:\/\/messaslaw.com\/?s={search_term_string}"},"query-input":{"@type":"PropertyValueSpecification","valueRequired":true,"valueName":"search_term_string"}}],"inLanguage":"fr-FR"},{"@type":"Organization","@id":"https:\/\/messaslaw.com\/#organization","name":"Messas Law","url":"https:\/\/messaslaw.com\/","logo":{"@type":"ImageObject","inLanguage":"fr-FR","@id":"https:\/\/messaslaw.com\/#\/schema\/logo\/image\/","url":"https:\/\/messaslaw.com\/wp-content\/uploads\/2024\/10\/Logo-MessasLaw-3.svg","contentUrl":"https:\/\/messaslaw.com\/wp-content\/uploads\/2024\/10\/Logo-MessasLaw-3.svg","width":151,"height":40,"caption":"Messas Law"},"image":{"@id":"https:\/\/messaslaw.com\/#\/schema\/logo\/image\/"},"sameAs":["https:\/\/www.linkedin.com\/in\/stephanie-messas-esq\/"]}]}},"_links":{"self":[{"href":"https:\/\/messaslaw.com\/fr\/wp-json\/wp\/v2\/pages\/445","targetHints":{"allow":["GET"]}}],"collection":[{"href":"https:\/\/messaslaw.com\/fr\/wp-json\/wp\/v2\/pages"}],"about":[{"href":"https:\/\/messaslaw.com\/fr\/wp-json\/wp\/v2\/types\/page"}],"author":[{"embeddable":true,"href":"https:\/\/messaslaw.com\/fr\/wp-json\/wp\/v2\/users\/3"}],"replies":[{"embeddable":true,"href":"https:\/\/messaslaw.com\/fr\/wp-json\/wp\/v2\/comments?post=445"}],"version-history":[{"count":44,"href":"https:\/\/messaslaw.com\/fr\/wp-json\/wp\/v2\/pages\/445\/revisions"}],"predecessor-version":[{"id":912,"href":"https:\/\/messaslaw.com\/fr\/wp-json\/wp\/v2\/pages\/445\/revisions\/912"}],"wp:attachment":[{"href":"https:\/\/messaslaw.com\/fr\/wp-json\/wp\/v2\/media?parent=445"}],"curies":[{"name":"wp","href":"https:\/\/api.w.org\/{rel}","templated":true}]}}